{"id":5965,"date":"2023-08-18T10:03:20","date_gmt":"2023-08-18T10:03:20","guid":{"rendered":"https:\/\/fabrik.vamtam.com\/?page_id=5965"},"modified":"2024-08-27T11:13:51","modified_gmt":"2024-08-27T14:13:51","slug":"luke-stevenson","status":"publish","type":"page","link":"https:\/\/demo.eolico.cl\/index.php\/people\/luke-stevenson\/","title":{"rendered":"Juan Pablo Young"},"content":{"rendered":"\t\t<div data-elementor-type=\"wp-page\" data-elementor-id=\"5965\" class=\"elementor elementor-5965\" data-elementor-post-type=\"page\">\n\t\t\t\t\t\t<section class=\"elementor-section elementor-top-section elementor-element elementor-element-56fdaaeb elementor-section-stretched elementor-section-boxed elementor-section-height-default elementor-section-height-default\" data-id=\"56fdaaeb\" data-element_type=\"section\" data-settings=\"{&quot;stretch_section&quot;:&quot;section-stretched&quot;}\">\n\t\t\t\t\t\t<div class=\"elementor-container elementor-column-gap-no\">\n\t\t\t\t\t<div class=\"elementor-column elementor-col-100 elementor-top-column elementor-element elementor-element-118b67e7\" data-id=\"118b67e7\" data-element_type=\"column\">\n\t\t\t<div class=\"elementor-widget-wrap elementor-element-populated\">\n\t\t\t\t\t\t<section class=\"elementor-section elementor-inner-section elementor-element elementor-element-dcd28da elementor-section-boxed elementor-section-height-default elementor-section-height-default\" data-id=\"dcd28da\" data-element_type=\"section\" data-settings=\"{&quot;background_background&quot;:&quot;classic&quot;}\">\n\t\t\t\t\t\t<div class=\"elementor-container elementor-column-gap-default\">\n\t\t\t\t\t<div class=\"elementor-column elementor-col-50 elementor-inner-column elementor-element elementor-element-33fba796\" data-id=\"33fba796\" data-element_type=\"column\">\n\t\t\t<div class=\"elementor-widget-wrap elementor-element-populated\">\n\t\t\t\t\t\t<div class=\"elementor-element elementor-element-219970a3 elementor-widget elementor-widget-text-editor\" data-id=\"219970a3\" data-element_type=\"widget\" data-widget_type=\"text-editor.default\">\n\t\t\t\t<div class=\"elementor-widget-container\">\n\t\t\t<style>\/*! elementor - v3.23.0 - 05-08-2024 *\/\n.elementor-widget-text-editor.elementor-drop-cap-view-stacked .elementor-drop-cap{background-color:#69727d;color:#fff}.elementor-widget-text-editor.elementor-drop-cap-view-framed .elementor-drop-cap{color:#69727d;border:3px solid;background-color:transparent}.elementor-widget-text-editor:not(.elementor-drop-cap-view-default) .elementor-drop-cap{margin-top:8px}.elementor-widget-text-editor:not(.elementor-drop-cap-view-default) .elementor-drop-cap-letter{width:1em;height:1em}.elementor-widget-text-editor .elementor-drop-cap{float:left;text-align:center;line-height:1;font-size:50px}.elementor-widget-text-editor .elementor-drop-cap-letter{display:inline-block}<\/style>\t\t\t\t<p>Ingeniero Civil Mec\u00e1nico. Fundador y Presidente de Consorcio E\u00f3lico. Con experiencia de m\u00e1s de 15 a\u00f1os en materias energ\u00e9ticas. Se ha especializado en el desarrollo de proyectos en ERNC que a la fecha suman 1.832 MW, de los cuales 437 MW se encuentran en etapa de operaci\u00f3n.<\/p>\t\t\t\t\t\t<\/div>\n\t\t\t\t<\/div>\n\t\t\t\t\t<\/div>\n\t\t<\/div>\n\t\t\t\t<div class=\"elementor-column elementor-col-50 elementor-inner-column elementor-element elementor-element-38e6d39 elementor-hidden-tablet elementor-hidden-mobile\" data-id=\"38e6d39\" data-element_type=\"column\">\n\t\t\t<div class=\"elementor-widget-wrap\">\n\t\t\t\t\t\t\t<\/div>\n\t\t<\/div>\n\t\t\t\t\t<\/div>\n\t\t<\/section>\n\t\t\t\t\t<\/div>\n\t\t<\/div>\n\t\t\t\t\t<\/div>\n\t\t<\/section>\n\t\t\t\t<\/div>\n\t\t","protected":false},"excerpt":{"rendered":"<p>Presidente Ejecutivo<\/p>\n","protected":false},"author":2,"featured_media":4361,"parent":129,"menu_order":0,"comment_status":"closed","ping_status":"closed","template":"","meta":{"inline_featured_image":false,"footnotes":""},"class_list":["post-5965","page","type-page","status-publish","has-post-thumbnail","hentry"],"_links":{"self":[{"href":"https:\/\/demo.eolico.cl\/index.php\/wp-json\/wp\/v2\/pages\/5965","targetHints":{"allow":["GET"]}}],"collection":[{"href":"https:\/\/demo.eolico.cl\/index.php\/wp-json\/wp\/v2\/pages"}],"about":[{"href":"https:\/\/demo.eolico.cl\/index.php\/wp-json\/wp\/v2\/types\/page"}],"author":[{"embeddable":true,"href":"https:\/\/demo.eolico.cl\/index.php\/wp-json\/wp\/v2\/users\/2"}],"replies":[{"embeddable":true,"href":"https:\/\/demo.eolico.cl\/index.php\/wp-json\/wp\/v2\/comments?post=5965"}],"version-history":[{"count":5,"href":"https:\/\/demo.eolico.cl\/index.php\/wp-json\/wp\/v2\/pages\/5965\/revisions"}],"predecessor-version":[{"id":987880,"href":"https:\/\/demo.eolico.cl\/index.php\/wp-json\/wp\/v2\/pages\/5965\/revisions\/987880"}],"up":[{"embeddable":true,"href":"https:\/\/demo.eolico.cl\/index.php\/wp-json\/wp\/v2\/pages\/129"}],"wp:featuredmedia":[{"embeddable":true,"href":"https:\/\/demo.eolico.cl\/index.php\/wp-json\/wp\/v2\/media\/4361"}],"wp:attachment":[{"href":"https:\/\/demo.eolico.cl\/index.php\/wp-json\/wp\/v2\/media?parent=5965"}],"curies":[{"name":"wp","href":"https:\/\/api.w.org\/{rel}","templated":true}]}}